{"id":259,"date":"2019-09-05T07:02:39","date_gmt":"2019-09-05T07:02:39","guid":{"rendered":"https:\/\/sktperfectdemo.com\/themepack\/business\/?page_id=259"},"modified":"2026-02-03T13:48:34","modified_gmt":"2026-02-03T13:48:34","slug":"sobre-nos","status":"publish","type":"page","link":"https:\/\/na4u.pt\/index.php\/sobre-nos\/","title":{"rendered":"Sobre n\u00f3s"},"content":{"rendered":"\t\t<div data-elementor-type=\"wp-post\" data-elementor-id=\"259\" class=\"elementor elementor-259\">\n\t\t\t\t\t\t<section class=\"elementor-section elementor-top-section elementor-element elementor-element-62cf3812 elementor-section-boxed elementor-section-height-default elementor-section-height-default\" data-id=\"62cf3812\" data-element_type=\"section\" data-e-type=\"section\" data-settings=\"{&quot;background_background&quot;:&quot;classic&quot;}\">\n\t\t\t\t\t\t<div class=\"elementor-container elementor-column-gap-wider\">\n\t\t\t\t\t<div class=\"elementor-column elementor-col-50 elementor-top-column elementor-element elementor-element-cd98a6a\" data-id=\"cd98a6a\" data-element_type=\"column\" data-e-type=\"column\">\n\t\t\t<div class=\"elementor-widget-wrap elementor-element-populated\">\n\t\t\t\t\t\t<div class=\"elementor-element elementor-element-703d6d9 visually-hidden elementor-widget elementor-widget-lae-heading\" data-id=\"703d6d9\" data-element_type=\"widget\" data-e-type=\"widget\" data-widget_type=\"lae-heading.default\">\n\t\t\t\t<div class=\"elementor-widget-container\">\n\t\t\t\t\t\n<div class=\"lae-heading lae-style1 lae-aligncenter \" >\n\n    <h1 class=\"lae-title\">NA4U Sa\u00fade e Bem-Estar<\/h1>\n\n    \n<\/div><!-- .lae-heading -->\t\t\t\t<\/div>\n\t\t\t\t<\/div>\n\t\t\t\t<div class=\"elementor-element elementor-element-13bff58e elementor-widget elementor-widget-heading\" data-id=\"13bff58e\" data-element_type=\"widget\" data-e-type=\"widget\" data-widget_type=\"heading.default\">\n\t\t\t\t<div class=\"elementor-widget-container\">\n\t\t\t\t\t<span class=\"elementor-heading-title elementor-size-default\">QUEM SOMOS<\/span>\t\t\t\t<\/div>\n\t\t\t\t<\/div>\n\t\t\t\t<div class=\"elementor-element elementor-element-6c56d2f8 elementor-widget elementor-widget-heading\" data-id=\"6c56d2f8\" data-element_type=\"widget\" data-e-type=\"widget\" data-widget_type=\"heading.default\">\n\t\t\t\t<div class=\"elementor-widget-container\">\n\t\t\t\t\t<h2 class=\"elementor-heading-title elementor-size-default\">Sobre n\u00f3s<\/h2>\t\t\t\t<\/div>\n\t\t\t\t<\/div>\n\t\t\t\t<div class=\"elementor-element elementor-element-4351d4c7 elementor-widget-divider--view-line elementor-widget elementor-widget-divider\" data-id=\"4351d4c7\" data-element_type=\"widget\" data-e-type=\"widget\" data-widget_type=\"divider.default\">\n\t\t\t\t<div class=\"elementor-widget-container\">\n\t\t\t\t\t\t\t<div class=\"elementor-divider\">\n\t\t\t<span class=\"elementor-divider-separator\">\n\t\t\t\t\t\t<\/span>\n\t\t<\/div>\n\t\t\t\t\t\t<\/div>\n\t\t\t\t<\/div>\n\t\t\t\t<div class=\"elementor-element elementor-element-7028368c elementor-widget elementor-widget-text-editor\" data-id=\"7028368c\" data-element_type=\"widget\" data-e-type=\"widget\" data-widget_type=\"text-editor.default\">\n\t\t\t\t<div class=\"elementor-widget-container\">\n\t\t\t\t\t\t\t\t\t<p style=\"margin-bottom: 0in;\">A NA4YOU \u2013 solu\u00e7\u00f5es de bem-estar, Lda. foi criada em junho de 2019, com o intuito de especificar solu\u00e7\u00f5es para o cliente, com o objetivo de alcan\u00e7ar diferentes p\u00fablicos.<br \/><br \/>Assim, desde a cria\u00e7\u00e3o da NA4YOU \u2013 solu\u00e7\u00f5es de bem-estar que a aposta se tem centrado na marca NA4YOU \u2013 Wellness, a qual \u00e9 respons\u00e1vel pela cria\u00e7\u00e3o do Est\u00fadio Pilates de Azeit\u00e3o, designa\u00e7\u00e3o pela qual \u00e9 atualmente conhecida a NA4YOU comercialmente.<br \/><br \/>Assim, o Est\u00fadio Pilates de Azeit\u00e3o surge da nossa necessidade de apresentar solu\u00e7\u00f5es de sa\u00fade e bem-estar f\u00edsico para o cliente. Mas quer\u00edamos algo diferente e que n\u00e3o fosse finito mas sim um modo de vida.<\/p>\t\t\t\t\t\t\t\t<\/div>\n\t\t\t\t<\/div>\n\t\t\t\t<div class=\"elementor-element elementor-element-bf79475 elementor-widget elementor-widget-heading\" data-id=\"bf79475\" data-element_type=\"widget\" data-e-type=\"widget\" data-widget_type=\"heading.default\">\n\t\t\t\t<div class=\"elementor-widget-container\">\n\t\t\t\t\t<span class=\"elementor-heading-title elementor-size-default\">A NOSSA VIS\u00c3O<\/span>\t\t\t\t<\/div>\n\t\t\t\t<\/div>\n\t\t\t\t<div class=\"elementor-element elementor-element-c144b3a elementor-widget elementor-widget-text-editor\" data-id=\"c144b3a\" data-element_type=\"widget\" data-e-type=\"widget\" data-widget_type=\"text-editor.default\">\n\t\t\t\t<div class=\"elementor-widget-container\">\n\t\t\t\t\t\t\t\t\t<p style=\"margin-bottom: 0in;\">Temos como objetivo ser a melhor refer\u00eancia na promo\u00e7\u00e3o da qualidade de vida para todas as idades. Para tal contamos com uma equipa especializada com prefer\u00eancia por professores e formadores de diferentes escolas de forma\u00e7\u00e3o de forma a termos uma maior variedade de conhecimento, mas a mesma linha de trabalho.<\/p>\n<p>Uma vez que a NA4YOU sugere solu\u00e7\u00f5es de bem-estar, queremos ter o melhor para o cliente dentro do mesmo espa\u00e7o.<\/p>\t\t\t\t\t\t\t\t<\/div>\n\t\t\t\t<\/div>\n\t\t\t\t\t<\/div>\n\t\t<\/div>\n\t\t\t\t<div class=\"elementor-column elementor-col-50 elementor-top-column elementor-element elementor-element-557042a7\" data-id=\"557042a7\" data-element_type=\"column\" data-e-type=\"column\">\n\t\t\t<div class=\"elementor-widget-wrap elementor-element-populated\">\n\t\t\t\t\t\t<div class=\"elementor-element elementor-element-a5052b9 elementor-widget elementor-widget-image\" data-id=\"a5052b9\" data-element_type=\"widget\" data-e-type=\"widget\" data-widget_type=\"image.default\">\n\t\t\t\t<div class=\"elementor-widget-container\">\n\t\t\t\t\t\t\t\t\t\t\t\t\t\t\t<img fetchpriority=\"high\" decoding=\"async\" width=\"574\" height=\"763\" src=\"https:\/\/na4u.pt\/wp-content\/uploads\/2024\/02\/quemsomos.jpg\" class=\"attachment-full size-full wp-image-805\" alt=\"\" srcset=\"https:\/\/na4u.pt\/wp-content\/uploads\/2024\/02\/quemsomos.jpg 574w, https:\/\/na4u.pt\/wp-content\/uploads\/2024\/02\/quemsomos-226x300.jpg 226w\" sizes=\"(max-width: 574px) 100vw, 574px\" \/>\t\t\t\t\t\t\t\t\t\t\t\t\t\t\t<\/div>\n\t\t\t\t<\/div>\n\t\t\t\t\t<\/div>\n\t\t<\/div>\n\t\t\t\t\t<\/div>\n\t\t<\/section>\n\t\t\t\t<section class=\"elementor-section elementor-top-section elementor-element elementor-element-603a893 elementor-section-boxed elementor-section-height-default elementor-section-height-default\" data-id=\"603a893\" data-element_type=\"section\" data-e-type=\"section\" data-settings=\"{&quot;background_background&quot;:&quot;classic&quot;}\">\n\t\t\t\t\t\t<div class=\"elementor-container elementor-column-gap-wider\">\n\t\t\t\t\t<div class=\"elementor-column elementor-col-100 elementor-top-column elementor-element elementor-element-0d305b9\" data-id=\"0d305b9\" data-element_type=\"column\" data-e-type=\"column\">\n\t\t\t<div class=\"elementor-widget-wrap elementor-element-populated\">\n\t\t\t\t\t\t<div class=\"elementor-element elementor-element-282f054 elementor-widget elementor-widget-heading\" data-id=\"282f054\" data-element_type=\"widget\" data-e-type=\"widget\" data-widget_type=\"heading.default\">\n\t\t\t\t<div class=\"elementor-widget-container\">\n\t\t\t\t\t<span class=\"elementor-heading-title elementor-size-default\">A NOSSA MISS\u00c3O<\/span>\t\t\t\t<\/div>\n\t\t\t\t<\/div>\n\t\t\t\t<div class=\"elementor-element elementor-element-dca48b0 elementor-widget elementor-widget-text-editor\" data-id=\"dca48b0\" data-element_type=\"widget\" data-e-type=\"widget\" data-widget_type=\"text-editor.default\">\n\t\t\t\t<div class=\"elementor-widget-container\">\n\t\t\t\t\t\t\t\t\t<p>Procuramos promover o bem-estar e a sa\u00fade f\u00edsica atrav\u00e9s do m\u00e9todo de Pilates. Com uma equipa especializada e pronta a satisfazer as necessidades dos clientes.<\/p>\t\t\t\t\t\t\t\t<\/div>\n\t\t\t\t<\/div>\n\t\t\t\t<div class=\"elementor-element elementor-element-d45a4b5 elementor-widget elementor-widget-heading\" data-id=\"d45a4b5\" data-element_type=\"widget\" data-e-type=\"widget\" data-widget_type=\"heading.default\">\n\t\t\t\t<div class=\"elementor-widget-container\">\n\t\t\t\t\t<span class=\"elementor-heading-title elementor-size-default\">A NOSSA MISS\u00c3O<\/span>\t\t\t\t<\/div>\n\t\t\t\t<\/div>\n\t\t\t\t<div class=\"elementor-element elementor-element-b049fc6 elementor-widget elementor-widget-text-editor\" data-id=\"b049fc6\" data-element_type=\"widget\" data-e-type=\"widget\" data-widget_type=\"text-editor.default\">\n\t\t\t\t<div class=\"elementor-widget-container\">\n\t\t\t\t\t\t\t\t\t<p><strong>Joseph Pilates<\/strong>,<\/p><p>Quando crian\u00e7a, era doente que sofria de raquitismo, asma e febre reum\u00e1tica. E na adolesc\u00eancia prevendo seu futuro numa cadeira de rodas come\u00e7ou a estudar, como autodidata, anatomia e fisiologia humana e fundamentos de medicina oriental. Com isso desenvolveu exerc\u00edcio em aparelhos r\u00fasticos inventados por ele. Praticando esses exerc\u00edcios em aparelhos criou seu pr\u00f3prio m\u00e9todo e tornou-se obcecado em superar suas limita\u00e7\u00f5es f\u00edsicas. Com essa pr\u00e1tica, ainda jovem tornou-se ginasta e mergulhador. Finalmente desenvolveu cerca de quinhentos exerc\u00edcios que o ajudaram, bem como seus seguidores, a levar uma vida longa e saud\u00e1vel.<\/p>\t\t\t\t\t\t\t\t<\/div>\n\t\t\t\t<\/div>\n\t\t\t\t\t<\/div>\n\t\t<\/div>\n\t\t\t\t\t<\/div>\n\t\t<\/section>\n\t\t\t\t<\/div>\n\t\t","protected":false},"excerpt":{"rendered":"<p>NA4U Sa\u00fade e Bem-Estar QUEM SOMOS Sobre n\u00f3s A NA4YOU \u2013 solu\u00e7\u00f5es de bem-estar, Lda. foi criada em junho de 2019, com o intuito de especificar solu\u00e7\u00f5es para o cliente, com o objetivo de alcan\u00e7ar diferentes p\u00fablicos. Assim, desde a cria\u00e7\u00e3o da NA4YOU \u2013 solu\u00e7\u00f5es de bem-estar que a aposta se tem centrado na marca<br \/><a class=\"moretag\" href=\"https:\/\/na4u.pt\/index.php\/sobre-nos\/\">+ Read More<\/a><\/p>\n","protected":false},"author":1,"featured_media":0,"parent":0,"menu_order":0,"comment_status":"closed","ping_status":"closed","template":"templates\/page-builder.php","meta":{"footnotes":""},"class_list":["post-259","page","type-page","status-publish","hentry"],"yoast_head":"<!-- This site is optimized with the Yoast SEO plugin v27.2 - https:\/\/yoast.com\/product\/yoast-seo-wordpress\/ -->\n<title>Sobre n\u00f3s - NA4U<\/title>\n<meta name=\"description\" content=\"Conhe\u00e7a a NA4U Sa\u00fade e Bem-Estar. Est\u00fadio especializado em pilates cl\u00ednico, reabilita\u00e7\u00e3o e forma\u00e7\u00e3o profissional.\" \/>\n<meta name=\"robots\" content=\"index, follow, max-snippet:-1, max-image-preview:large, max-video-preview:-1\" \/>\n<link rel=\"canonical\" href=\"https:\/\/na4u.pt\/index.php\/sobre-nos\/\" \/>\n<meta property=\"og:locale\" content=\"pt_PT\" \/>\n<meta property=\"og:type\" content=\"article\" \/>\n<meta property=\"og:title\" content=\"Sobre n\u00f3s - NA4U\" \/>\n<meta property=\"og:description\" content=\"Conhe\u00e7a a NA4U Sa\u00fade e Bem-Estar. Est\u00fadio especializado em pilates cl\u00ednico, reabilita\u00e7\u00e3o e forma\u00e7\u00e3o profissional.\" \/>\n<meta property=\"og:url\" content=\"https:\/\/na4u.pt\/index.php\/sobre-nos\/\" \/>\n<meta property=\"og:site_name\" content=\"NA4U\" \/>\n<meta property=\"article:publisher\" content=\"https:\/\/www.facebook.com\/SANDRASILVAPILATES\" \/>\n<meta property=\"article:modified_time\" content=\"2026-02-03T13:48:34+00:00\" \/>\n<meta property=\"og:image\" content=\"https:\/\/na4u.pt\/wp-content\/uploads\/2024\/02\/quemsomos.jpg\" \/>\n<meta name=\"twitter:card\" content=\"summary_large_image\" \/>\n<meta name=\"twitter:label1\" content=\"Tempo estimado de leitura\" \/>\n\t<meta name=\"twitter:data1\" content=\"2 minutos\" \/>\n<script type=\"application\/ld+json\" class=\"yoast-schema-graph\">{\"@context\":\"https:\/\/schema.org\",\"@graph\":[{\"@type\":[\"WebPage\",\"AboutPage\"],\"@id\":\"https:\/\/na4u.pt\/index.php\/sobre-nos\/\",\"url\":\"https:\/\/na4u.pt\/index.php\/sobre-nos\/\",\"name\":\"Sobre n\u00f3s - NA4U\",\"isPartOf\":{\"@id\":\"https:\/\/na4u.pt\/#website\"},\"primaryImageOfPage\":{\"@id\":\"https:\/\/na4u.pt\/index.php\/sobre-nos\/#primaryimage\"},\"image\":{\"@id\":\"https:\/\/na4u.pt\/index.php\/sobre-nos\/#primaryimage\"},\"thumbnailUrl\":\"https:\/\/na4u.pt\/wp-content\/uploads\/2024\/02\/quemsomos.jpg\",\"datePublished\":\"2019-09-05T07:02:39+00:00\",\"dateModified\":\"2026-02-03T13:48:34+00:00\",\"description\":\"Conhe\u00e7a a NA4U Sa\u00fade e Bem-Estar. Est\u00fadio especializado em pilates cl\u00ednico, reabilita\u00e7\u00e3o e forma\u00e7\u00e3o profissional.\",\"breadcrumb\":{\"@id\":\"https:\/\/na4u.pt\/index.php\/sobre-nos\/#breadcrumb\"},\"inLanguage\":\"pt-PT\",\"potentialAction\":[{\"@type\":\"ReadAction\",\"target\":[\"https:\/\/na4u.pt\/index.php\/sobre-nos\/\"]}]},{\"@type\":\"ImageObject\",\"inLanguage\":\"pt-PT\",\"@id\":\"https:\/\/na4u.pt\/index.php\/sobre-nos\/#primaryimage\",\"url\":\"https:\/\/na4u.pt\/wp-content\/uploads\/2024\/02\/quemsomos.jpg\",\"contentUrl\":\"https:\/\/na4u.pt\/wp-content\/uploads\/2024\/02\/quemsomos.jpg\",\"width\":574,\"height\":763},{\"@type\":\"BreadcrumbList\",\"@id\":\"https:\/\/na4u.pt\/index.php\/sobre-nos\/#breadcrumb\",\"itemListElement\":[{\"@type\":\"ListItem\",\"position\":1,\"name\":\"In\u00edcio\",\"item\":\"https:\/\/na4u.pt\/\"},{\"@type\":\"ListItem\",\"position\":2,\"name\":\"Sobre n\u00f3s\"}]},{\"@type\":\"WebSite\",\"@id\":\"https:\/\/na4u.pt\/#website\",\"url\":\"https:\/\/na4u.pt\/\",\"name\":\"NA4U - Sa\u00fade e Bem Estar | Pilates Cl\u00ednico\",\"description\":\"NA4U: Est\u00fadio de Pilates Cl\u00ednico e Escola de Forma\u00e7\u00e3o certificada para profissionais de sa\u00fade. Sa\u00fade, movimento e especializa\u00e7\u00e3o para todos.\",\"publisher\":{\"@id\":\"https:\/\/na4u.pt\/#organization\"},\"potentialAction\":[{\"@type\":\"SearchAction\",\"target\":{\"@type\":\"EntryPoint\",\"urlTemplate\":\"https:\/\/na4u.pt\/?s={search_term_string}\"},\"query-input\":{\"@type\":\"PropertyValueSpecification\",\"valueRequired\":true,\"valueName\":\"search_term_string\"}}],\"inLanguage\":\"pt-PT\"},{\"@type\":\"Organization\",\"@id\":\"https:\/\/na4u.pt\/#organization\",\"name\":\"NA4U - Sa\u00fade e Bem Estar | Pilates Cl\u00ednico\",\"url\":\"https:\/\/na4u.pt\/\",\"logo\":{\"@type\":\"ImageObject\",\"inLanguage\":\"pt-PT\",\"@id\":\"https:\/\/na4u.pt\/#\/schema\/logo\/image\/\",\"url\":\"https:\/\/na4u.pt\/wp-content\/uploads\/2024\/02\/cropped-logo_black.png\",\"contentUrl\":\"https:\/\/na4u.pt\/wp-content\/uploads\/2024\/02\/cropped-logo_black.png\",\"width\":512,\"height\":512,\"caption\":\"NA4U - Sa\u00fade e Bem Estar | Pilates Cl\u00ednico\"},\"image\":{\"@id\":\"https:\/\/na4u.pt\/#\/schema\/logo\/image\/\"},\"sameAs\":[\"https:\/\/www.facebook.com\/SANDRASILVAPILATES\"]}]}<\/script>\n<!-- \/ Yoast SEO plugin. -->","yoast_head_json":{"title":"Sobre n\u00f3s - NA4U","description":"Conhe\u00e7a a NA4U Sa\u00fade e Bem-Estar. Est\u00fadio especializado em pilates cl\u00ednico, reabilita\u00e7\u00e3o e forma\u00e7\u00e3o profissional.","robots":{"index":"index","follow":"follow","max-snippet":"max-snippet:-1","max-image-preview":"max-image-preview:large","max-video-preview":"max-video-preview:-1"},"canonical":"https:\/\/na4u.pt\/index.php\/sobre-nos\/","og_locale":"pt_PT","og_type":"article","og_title":"Sobre n\u00f3s - NA4U","og_description":"Conhe\u00e7a a NA4U Sa\u00fade e Bem-Estar. Est\u00fadio especializado em pilates cl\u00ednico, reabilita\u00e7\u00e3o e forma\u00e7\u00e3o profissional.","og_url":"https:\/\/na4u.pt\/index.php\/sobre-nos\/","og_site_name":"NA4U","article_publisher":"https:\/\/www.facebook.com\/SANDRASILVAPILATES","article_modified_time":"2026-02-03T13:48:34+00:00","og_image":[{"url":"https:\/\/na4u.pt\/wp-content\/uploads\/2024\/02\/quemsomos.jpg","type":"","width":"","height":""}],"twitter_card":"summary_large_image","twitter_misc":{"Tempo estimado de leitura":"2 minutos"},"schema":{"@context":"https:\/\/schema.org","@graph":[{"@type":["WebPage","AboutPage"],"@id":"https:\/\/na4u.pt\/index.php\/sobre-nos\/","url":"https:\/\/na4u.pt\/index.php\/sobre-nos\/","name":"Sobre n\u00f3s - NA4U","isPartOf":{"@id":"https:\/\/na4u.pt\/#website"},"primaryImageOfPage":{"@id":"https:\/\/na4u.pt\/index.php\/sobre-nos\/#primaryimage"},"image":{"@id":"https:\/\/na4u.pt\/index.php\/sobre-nos\/#primaryimage"},"thumbnailUrl":"https:\/\/na4u.pt\/wp-content\/uploads\/2024\/02\/quemsomos.jpg","datePublished":"2019-09-05T07:02:39+00:00","dateModified":"2026-02-03T13:48:34+00:00","description":"Conhe\u00e7a a NA4U Sa\u00fade e Bem-Estar. Est\u00fadio especializado em pilates cl\u00ednico, reabilita\u00e7\u00e3o e forma\u00e7\u00e3o profissional.","breadcrumb":{"@id":"https:\/\/na4u.pt\/index.php\/sobre-nos\/#breadcrumb"},"inLanguage":"pt-PT","potentialAction":[{"@type":"ReadAction","target":["https:\/\/na4u.pt\/index.php\/sobre-nos\/"]}]},{"@type":"ImageObject","inLanguage":"pt-PT","@id":"https:\/\/na4u.pt\/index.php\/sobre-nos\/#primaryimage","url":"https:\/\/na4u.pt\/wp-content\/uploads\/2024\/02\/quemsomos.jpg","contentUrl":"https:\/\/na4u.pt\/wp-content\/uploads\/2024\/02\/quemsomos.jpg","width":574,"height":763},{"@type":"BreadcrumbList","@id":"https:\/\/na4u.pt\/index.php\/sobre-nos\/#breadcrumb","itemListElement":[{"@type":"ListItem","position":1,"name":"In\u00edcio","item":"https:\/\/na4u.pt\/"},{"@type":"ListItem","position":2,"name":"Sobre n\u00f3s"}]},{"@type":"WebSite","@id":"https:\/\/na4u.pt\/#website","url":"https:\/\/na4u.pt\/","name":"NA4U - Sa\u00fade e Bem Estar | Pilates Cl\u00ednico","description":"NA4U: Est\u00fadio de Pilates Cl\u00ednico e Escola de Forma\u00e7\u00e3o certificada para profissionais de sa\u00fade. Sa\u00fade, movimento e especializa\u00e7\u00e3o para todos.","publisher":{"@id":"https:\/\/na4u.pt\/#organization"},"potentialAction":[{"@type":"SearchAction","target":{"@type":"EntryPoint","urlTemplate":"https:\/\/na4u.pt\/?s={search_term_string}"},"query-input":{"@type":"PropertyValueSpecification","valueRequired":true,"valueName":"search_term_string"}}],"inLanguage":"pt-PT"},{"@type":"Organization","@id":"https:\/\/na4u.pt\/#organization","name":"NA4U - Sa\u00fade e Bem Estar | Pilates Cl\u00ednico","url":"https:\/\/na4u.pt\/","logo":{"@type":"ImageObject","inLanguage":"pt-PT","@id":"https:\/\/na4u.pt\/#\/schema\/logo\/image\/","url":"https:\/\/na4u.pt\/wp-content\/uploads\/2024\/02\/cropped-logo_black.png","contentUrl":"https:\/\/na4u.pt\/wp-content\/uploads\/2024\/02\/cropped-logo_black.png","width":512,"height":512,"caption":"NA4U - Sa\u00fade e Bem Estar | Pilates Cl\u00ednico"},"image":{"@id":"https:\/\/na4u.pt\/#\/schema\/logo\/image\/"},"sameAs":["https:\/\/www.facebook.com\/SANDRASILVAPILATES"]}]}},"_links":{"self":[{"href":"https:\/\/na4u.pt\/index.php\/wp-json\/wp\/v2\/pages\/259","targetHints":{"allow":["GET"]}}],"collection":[{"href":"https:\/\/na4u.pt\/index.php\/wp-json\/wp\/v2\/pages"}],"about":[{"href":"https:\/\/na4u.pt\/index.php\/wp-json\/wp\/v2\/types\/page"}],"author":[{"embeddable":true,"href":"https:\/\/na4u.pt\/index.php\/wp-json\/wp\/v2\/users\/1"}],"replies":[{"embeddable":true,"href":"https:\/\/na4u.pt\/index.php\/wp-json\/wp\/v2\/comments?post=259"}],"version-history":[{"count":34,"href":"https:\/\/na4u.pt\/index.php\/wp-json\/wp\/v2\/pages\/259\/revisions"}],"predecessor-version":[{"id":1743,"href":"https:\/\/na4u.pt\/index.php\/wp-json\/wp\/v2\/pages\/259\/revisions\/1743"}],"wp:attachment":[{"href":"https:\/\/na4u.pt\/index.php\/wp-json\/wp\/v2\/media?parent=259"}],"curies":[{"name":"wp","href":"https:\/\/api.w.org\/{rel}","templated":true}]}}